{"id":26717,"date":"2023-06-21T17:06:49","date_gmt":"2023-06-21T15:06:49","guid":{"rendered":"https:\/\/ccsrdc.ch\/index.php\/services-3\/"},"modified":"2023-06-22T16:29:49","modified_gmt":"2023-06-22T14:29:49","slug":"services-3","status":"publish","type":"page","link":"https:\/\/ccsrdc.ch\/index.php\/services-3\/","title":{"rendered":"infopratiques"},"content":{"rendered":"\t\t<div data-elementor-type=\"wp-page\" data-elementor-id=\"26717\" class=\"elementor elementor-26717\">\n\t\t\t\t\t\t\t\t\t<section class=\"elementor-section elementor-top-section elementor-element elementor-element-7f09df6 elementor-section-stretched elementor-section-boxed elementor-section-height-default elementor-section-height-default\" data-id=\"7f09df6\" data-element_type=\"section\" data-settings=\"{&quot;stretch_section&quot;:&quot;section-stretched&quot;,&quot;background_background&quot;:&quot;classic&quot;}\">\n\t\t\t\t\t\t<div class=\"elementor-container elementor-column-gap-default\">\n\t\t\t\t\t<div class=\"elementor-column elementor-col-50 elementor-top-column elementor-element elementor-element-f43e8dc\" data-id=\"f43e8dc\" data-element_type=\"column\">\n\t\t\t<div class=\"elementor-widget-wrap elementor-element-populated\">\n\t\t\t\t\t\t\t\t<div class=\"elementor-element elementor-element-0880efb elementor-widget elementor-widget-rs-heading\" data-id=\"0880efb\" data-element_type=\"widget\" data-widget_type=\"rs-heading.default\">\n\t\t\t\t<div class=\"elementor-widget-container\">\n\t\t\t        <div class=\"rs-heading default  \">\r\n        \t<div class=\"title-inner\">        \t\t      \t\t\r\n\t            <span class=\"sub-text \">Chambre de Commerce Suisse-RDC<\/span><h2 class=\"title\"><span class=\"watermark\">CCSC<\/span>CCSC<\/h2>\t\t\t\t\t        <\/div>\r\n\t                <\/div>\r\n\r\n        \t\t<\/div>\n\t\t\t\t<\/div>\n\t\t\t\t<div class=\"elementor-element elementor-element-22eb3b5 elementor-widget elementor-widget-rs-heading\" data-id=\"22eb3b5\" data-element_type=\"widget\" data-widget_type=\"rs-heading.default\">\n\t\t\t\t<div class=\"elementor-widget-container\">\n\t\t\t        <div class=\"rs-heading style4  \">\r\n        \t<div class=\"title-inner\">        \t\t      \t\t\r\n\t            \t\t\t\t\t        <\/div>\r\n\t                <\/div>\r\n\r\n        \t\t<\/div>\n\t\t\t\t<\/div>\n\t\t\t\t\t<\/div>\n\t\t<\/div>\n\t\t\t\t<div class=\"elementor-column elementor-col-50 elementor-top-column elementor-element elementor-element-50d6070 elementor-hidden-mobile\" data-id=\"50d6070\" data-element_type=\"column\">\n\t\t\t<div class=\"elementor-widget-wrap\">\n\t\t\t\t\t\t\t\t\t<\/div>\n\t\t<\/div>\n\t\t\t\t\t\t\t<\/div>\n\t\t<\/section>\n\t\t\t\t<section class=\"elementor-section elementor-top-section elementor-element elementor-element-f4ecf8a elementor-section-boxed elementor-section-height-default elementor-section-height-default\" data-id=\"f4ecf8a\" data-element_type=\"section\">\n\t\t\t\t\t\t<div class=\"elementor-container elementor-column-gap-default\">\n\t\t\t\t\t<div class=\"elementor-column elementor-col-50 elementor-top-column elementor-element elementor-element-78aecff\" data-id=\"78aecff\" data-element_type=\"column\">\n\t\t\t<div class=\"elementor-widget-wrap elementor-element-populated\">\n\t\t\t\t\t\t\t\t<div class=\"elementor-element elementor-element-495737f elementor-widget elementor-widget-image\" data-id=\"495737f\" data-element_type=\"widget\" data-widget_type=\"image.default\">\n\t\t\t\t<div class=\"elementor-widget-container\">\n\t\t\t<style>\/*! elementor - v3.13.2 - 11-05-2023 *\/\n.elementor-widget-image{text-align:center}.elementor-widget-image a{display:inline-block}.elementor-widget-image a img[src$=\".svg\"]{width:48px}.elementor-widget-image img{vertical-align:middle;display:inline-block}<\/style>\t\t\t\t\t\t\t\t\t\t\t\t<img loading=\"lazy\" decoding=\"async\" width=\"225\" height=\"150\" src=\"https:\/\/ccsrdc.ch\/wp-content\/uploads\/2023\/05\/drc.jpg\" class=\"attachment-large size-large wp-image-26336\" alt=\"\" \/>\t\t\t\t\t\t\t\t\t\t\t\t\t\t\t<\/div>\n\t\t\t\t<\/div>\n\t\t\t\t\t<\/div>\n\t\t<\/div>\n\t\t\t\t<div class=\"elementor-column elementor-col-50 elementor-top-column elementor-element elementor-element-f61411e\" data-id=\"f61411e\" data-element_type=\"column\">\n\t\t\t<div class=\"elementor-widget-wrap elementor-element-populated\">\n\t\t\t\t\t\t\t\t<div class=\"elementor-element elementor-element-3a79bba elementor-widget elementor-widget-rs-heading\" data-id=\"3a79bba\" data-element_type=\"widget\" data-widget_type=\"rs-heading.default\">\n\t\t\t\t<div class=\"elementor-widget-container\">\n\t\t\t        <div class=\"rs-heading default  \">\r\n        \t<div class=\"title-inner\">        \t\t      \t\t\r\n\t            <h2 class=\"title\"><span class=\"watermark\"><\/span>Repr\u00e9sentation diplomatique Suisse RDC <\/h2>\t\t\t\t\t        <\/div>\r\n\t                    \t<div class=\"description\">\r\n            \t\t<p>\u00a031 Blvd du 30 juin\u00a0 Commune Gombe Kinshas\/RDC\u00a0<\/p>            \t\t\r\n            \t<\/div>\r\n        \t        <\/div>\r\n\r\n        \t\t<\/div>\n\t\t\t\t<\/div>\n\t\t\t\t\t<\/div>\n\t\t<\/div>\n\t\t\t\t\t\t\t<\/div>\n\t\t<\/section>\n\t\t\t\t<section class=\"elementor-section elementor-top-section elementor-element elementor-element-a82ad2d elementor-section-boxed elementor-section-height-default elementor-section-height-default\" data-id=\"a82ad2d\" data-element_type=\"section\">\n\t\t\t\t\t\t<div class=\"elementor-container elementor-column-gap-default\">\n\t\t\t\t\t<div class=\"elementor-column elementor-col-100 elementor-top-column elementor-element elementor-element-c37fd4a\" data-id=\"c37fd4a\" data-element_type=\"column\">\n\t\t\t<div class=\"elementor-widget-wrap elementor-element-populated\">\n\t\t\t\t\t\t\t\t<div class=\"elementor-element elementor-element-9aa1a9c elementor-widget elementor-widget-text-editor\" data-id=\"9aa1a9c\" data-element_type=\"widget\" data-widget_type=\"text-editor.default\">\n\t\t\t\t<div class=\"elementor-widget-container\">\n\t\t\t<style>\/*! elementor - v3.13.2 - 11-05-2023 *\/\n.elementor-widget-text-editor.elementor-drop-cap-view-stacked .elementor-drop-cap{background-color:#69727d;color:#fff}.elementor-widget-text-editor.elementor-drop-cap-view-framed .elementor-drop-cap{color:#69727d;border:3px solid;background-color:transparent}.elementor-widget-text-editor:not(.elementor-drop-cap-view-default) .elementor-drop-cap{margin-top:8px}.elementor-widget-text-editor:not(.elementor-drop-cap-view-default) .elementor-drop-cap-letter{width:1em;height:1em}.elementor-widget-text-editor .elementor-drop-cap{float:left;text-align:center;line-height:1;font-size:50px}.elementor-widget-text-editor .elementor-drop-cap-letter{display:inline-block}<\/style>\t\t\t\t<p><strong>Bon \u00e0 savoir<\/strong>: Quelques pr\u00e9cisions sur les \u00e9tapes \u00e0 suivre et formalit\u00e9s requises pour cr\u00e9er une soci\u00e9t\u00e9 en RDC via le guichet Unique de l&#8217;ANAPI.\u00a0 En RDC, l&#8217;activit\u00e9 commerciale peut \u00eatre exerc\u00e9e sous la forme d&#8217;un \u00e9tablissement commercial ou d&#8217;une entreprise commerciale. En fonction de la structure choisie, differents documents sont requis.\u00a0<\/p>\t\t\t\t\t\t<\/div>\n\t\t\t\t<\/div>\n\t\t\t\t\t<\/div>\n\t\t<\/div>\n\t\t\t\t\t\t\t<\/div>\n\t\t<\/section>\n\t\t\t\t<section class=\"elementor-section elementor-top-section elementor-element elementor-element-1a0dea3 elementor-section-boxed elementor-section-height-default elementor-section-height-default\" data-id=\"1a0dea3\" data-element_type=\"section\">\n\t\t\t\t\t\t<div class=\"elementor-container elementor-column-gap-default\">\n\t\t\t\t\t<div class=\"elementor-column elementor-col-50 elementor-top-column elementor-element elementor-element-5696f9a\" data-id=\"5696f9a\" data-element_type=\"column\">\n\t\t\t<div class=\"elementor-widget-wrap elementor-element-populated\">\n\t\t\t\t\t\t\t\t<div class=\"elementor-element elementor-element-2b6599d elementor-widget elementor-widget-rs-heading\" data-id=\"2b6599d\" data-element_type=\"widget\" data-widget_type=\"rs-heading.default\">\n\t\t\t\t<div class=\"elementor-widget-container\">\n\t\t\t        <div class=\"rs-heading default  \">\r\n        \t<div class=\"title-inner\">        \t\t      \t\t\r\n\t            <span class=\"sub-text \">Pour le G\u00e9rant d'une soci\u00e9t\u00e9 <\/span>\t\t\t\t\t        <\/div>\r\n\t                    \t<div class=\"description\">\r\n            \t\t<ul><li>Photocopie de la carte d'identit\u00e9 ou du passeport;\u00a0<\/li><li>Sp\u00e9ciment de signature;\u00a0<\/li><li>2 photos passeports;\u00a0<\/li><li>Attestation de bonnes vies et moeurs ( pour \u00e9tranger).<\/li><\/ul>            \t\t\r\n            \t<\/div>\r\n        \t        <\/div>\r\n\r\n        \t\t<\/div>\n\t\t\t\t<\/div>\n\t\t\t\t\t<\/div>\n\t\t<\/div>\n\t\t\t\t<div class=\"elementor-column elementor-col-50 elementor-top-column elementor-element elementor-element-e945bda\" data-id=\"e945bda\" data-element_type=\"column\">\n\t\t\t<div class=\"elementor-widget-wrap elementor-element-populated\">\n\t\t\t\t\t\t\t\t<div class=\"elementor-element elementor-element-ceb873b elementor-widget elementor-widget-rs-heading\" data-id=\"ceb873b\" data-element_type=\"widget\" data-widget_type=\"rs-heading.default\">\n\t\t\t\t<div class=\"elementor-widget-container\">\n\t\t\t        <div class=\"rs-heading default  \">\r\n        \t<div class=\"title-inner\">        \t\t      \t\t\r\n\t            <span class=\"sub-text \">Pour le G\u00e9rant d'un \u00e9tablissement <\/span>\t\t\t\t\t        <\/div>\r\n\t                    \t<div class=\"description\">\r\n            \t\t<ul><li>Photocopie de la carte d'identit\u00e9 ou du passeport;\u00a0<\/li><li>Sp\u00e9cimen de signature;<\/li><li>Attestation de bonnes vies et moeurs (pour \u00e9tranger);<\/li><li>Extrait de casier judiciaire ( uniquement pour les personnes physiques);\u00a0<\/li><li>Attestation de non fonctionnaire.<\/li><\/ul>            \t\t\r\n            \t<\/div>\r\n        \t        <\/div>\r\n\r\n        \t\t<\/div>\n\t\t\t\t<\/div>\n\t\t\t\t\t<\/div>\n\t\t<\/div>\n\t\t\t\t\t\t\t<\/div>\n\t\t<\/section>\n\t\t\t\t<section class=\"elementor-section elementor-top-section elementor-element elementor-element-18b6fc2 elementor-section-boxed elementor-section-height-default elementor-section-height-default\" data-id=\"18b6fc2\" data-element_type=\"section\">\n\t\t\t\t\t\t<div class=\"elementor-container elementor-column-gap-default\">\n\t\t\t\t\t<div class=\"elementor-column elementor-col-33 elementor-top-column elementor-element elementor-element-e8cbef8\" data-id=\"e8cbef8\" data-element_type=\"column\">\n\t\t\t<div class=\"elementor-widget-wrap\">\n\t\t\t\t\t\t\t\t\t<\/div>\n\t\t<\/div>\n\t\t\t\t<div class=\"elementor-column elementor-col-33 elementor-top-column elementor-element elementor-element-4983779\" data-id=\"4983779\" data-element_type=\"column\">\n\t\t\t<div class=\"elementor-widget-wrap elementor-element-populated\">\n\t\t\t\t\t\t\t\t<div class=\"elementor-element elementor-element-3da2e09 elementor-widget elementor-widget-rs-heading\" data-id=\"3da2e09\" data-element_type=\"widget\" data-widget_type=\"rs-heading.default\">\n\t\t\t\t<div class=\"elementor-widget-container\">\n\t\t\t        <div class=\"rs-heading default  \">\r\n        \t<div class=\"title-inner\">        \t\t      \t\t\r\n\t            \t\t\t\t\t        <\/div>\r\n\t                    \t<div class=\"description\">\r\n            \t\t<a href=\"https:\/\/arsp.cd\/accueil-french-2\/\" class=\"text-white btn btn-primary btn-lg\"> Arsp.cd <\/a>  &nbsp;\n<a href=\"http:\/\/www.fec-rdc.com\" class=\"btn btn-danger btn-lg\">fec-rdc.com<\/a>  \u00a0<a href=\"https:\/\/www.investindrc.cd\/fr\/index.php\" class=\"btn btn-primary btn-lg\"> investindrc.cd<\/a>            \t\t\r\n            \t<\/div>\r\n        \t        <\/div>\r\n\r\n        \t\t<\/div>\n\t\t\t\t<\/div>\n\t\t\t\t\t<\/div>\n\t\t<\/div>\n\t\t\t\t<div class=\"elementor-column elementor-col-33 elementor-top-column elementor-element elementor-element-a3c866e\" data-id=\"a3c866e\" data-element_type=\"column\">\n\t\t\t<div class=\"elementor-widget-wrap\">\n\t\t\t\t\t\t\t\t\t<\/div>\n\t\t<\/div>\n\t\t\t\t\t\t\t<\/div>\n\t\t<\/section>\n\t\t\t\t<section class=\"elementor-section elementor-top-section elementor-element elementor-element-40361df elementor-section-boxed elementor-section-height-default elementor-section-height-default\" data-id=\"40361df\" data-element_type=\"section\">\n\t\t\t\t\t\t<div class=\"elementor-container elementor-column-gap-default\">\n\t\t\t\t\t<div class=\"elementor-column elementor-col-100 elementor-top-column elementor-element elementor-element-7aea51e\" data-id=\"7aea51e\" data-element_type=\"column\">\n\t\t\t<div class=\"elementor-widget-wrap elementor-element-populated\">\n\t\t\t\t\t\t\t\t<div class=\"elementor-element elementor-element-a02e822 elementor-widget elementor-widget-rs-heading\" data-id=\"a02e822\" data-element_type=\"widget\" data-widget_type=\"rs-heading.default\">\n\t\t\t\t<div class=\"elementor-widget-container\">\n\t\t\t        <div class=\"rs-heading default  \">\r\n        \t<div class=\"title-inner\">        \t\t      \t\t\r\n\t            <span class=\"sub-text \">Quelques liens utiles <\/span>\t\t\t\t\t        <\/div>\r\n\t                    \t<div class=\"description\">\r\n            \t\t<ul><li>Photocopie de la carte d'identit\u00e9 ou du passeport;\u00a0<\/li><li>Sp\u00e9cimen de signature;<\/li><li>Attestation de bonnes vies et moeurs (pour \u00e9tranger);<\/li><li>Extrait de casier judiciaire ( uniquement pour les personnes physiques);\u00a0<\/li><li>Attestation de non fonctionnaire.<\/li><\/ul>            \t\t\r\n            \t<\/div>\r\n        \t        <\/div>\r\n\r\n        \t\t<\/div>\n\t\t\t\t<\/div>\n\t\t\t\t\t<\/div>\n\t\t<\/div>\n\t\t\t\t\t\t\t<\/div>\n\t\t<\/section>\n\t\t\t\t<section class=\"elementor-section elementor-top-section elementor-element elementor-element-65deda0 elementor-section-boxed elementor-section-height-default elementor-section-height-default\" data-id=\"65deda0\" data-element_type=\"section\">\n\t\t\t\t\t\t<div class=\"elementor-container elementor-column-gap-default\">\n\t\t\t\t\t<div class=\"elementor-column elementor-col-50 elementor-top-column elementor-element elementor-element-83d24c8\" data-id=\"83d24c8\" data-element_type=\"column\">\n\t\t\t<div class=\"elementor-widget-wrap elementor-element-populated\">\n\t\t\t\t\t\t\t\t<div class=\"elementor-element elementor-element-47185a8 elementor-widget elementor-widget-image\" data-id=\"47185a8\" data-element_type=\"widget\" data-widget_type=\"image.default\">\n\t\t\t\t<div class=\"elementor-widget-container\">\n\t\t\t\t\t\t\t\t\t\t\t\t\t\t\t<img loading=\"lazy\" decoding=\"async\" width=\"225\" height=\"150\" src=\"https:\/\/ccsrdc.ch\/wp-content\/uploads\/2023\/05\/suisse.jpg\" class=\"attachment-large size-large wp-image-26337\" alt=\"\" \/>\t\t\t\t\t\t\t\t\t\t\t\t\t\t\t<\/div>\n\t\t\t\t<\/div>\n\t\t\t\t\t<\/div>\n\t\t<\/div>\n\t\t\t\t<div class=\"elementor-column elementor-col-50 elementor-top-column elementor-element elementor-element-c12d980\" data-id=\"c12d980\" data-element_type=\"column\">\n\t\t\t<div class=\"elementor-widget-wrap elementor-element-populated\">\n\t\t\t\t\t\t\t\t<div class=\"elementor-element elementor-element-a3bc54b elementor-widget elementor-widget-rs-heading\" data-id=\"a3bc54b\" data-element_type=\"widget\" data-widget_type=\"rs-heading.default\">\n\t\t\t\t<div class=\"elementor-widget-container\">\n\t\t\t        <div class=\"rs-heading default  \">\r\n        \t<div class=\"title-inner\">        \t\t      \t\t\r\n\t            <h2 class=\"title\"><span class=\"watermark\"><\/span>Repr\u00e9sentation diplomatique congolaise en suisse <\/h2>\t\t\t\t\t        <\/div>\r\n\t                <\/div>\r\n\r\n        \t\t<\/div>\n\t\t\t\t<\/div>\n\t\t\t\t\t<\/div>\n\t\t<\/div>\n\t\t\t\t\t\t\t<\/div>\n\t\t<\/section>\n\t\t\t\t<section class=\"elementor-section elementor-top-section elementor-element elementor-element-aea4e0c elementor-section-boxed elementor-section-height-default elementor-section-height-default\" data-id=\"aea4e0c\" data-element_type=\"section\">\n\t\t\t\t\t\t<div class=\"elementor-container elementor-column-gap-default\">\n\t\t\t\t\t<div class=\"elementor-column elementor-col-50 elementor-top-column elementor-element elementor-element-8243623\" data-id=\"8243623\" data-element_type=\"column\">\n\t\t\t<div class=\"elementor-widget-wrap elementor-element-populated\">\n\t\t\t\t\t\t\t\t<div class=\"elementor-element elementor-element-75be44c elementor-widget elementor-widget-rs-heading\" data-id=\"75be44c\" data-element_type=\"widget\" data-widget_type=\"rs-heading.default\">\n\t\t\t\t<div class=\"elementor-widget-container\">\n\t\t\t        <div class=\"rs-heading default  \">\r\n        \t<div class=\"title-inner\">        \t\t      \t\t\r\n\t            <span class=\"sub-text \">Mission permanente de la Republique <\/span>\t\t\t\t\t        <\/div>\r\n\t                    \t<div class=\"description\">\r\n            \t\t<p>D\u00e9mocratique du congo, 23 Avenue de France\/ 1202 Gen\u00e8ve.<\/p><p>T\u00e9l: +41(22) 740.16.80<\/p><p class=\"font_8 wixui-rich-text__text\">\u00a0<\/p>            \t\t\r\n            \t<\/div>\r\n        \t        <\/div>\r\n\r\n        \t\t<\/div>\n\t\t\t\t<\/div>\n\t\t\t\t\t<\/div>\n\t\t<\/div>\n\t\t\t\t<div class=\"elementor-column elementor-col-50 elementor-top-column elementor-element elementor-element-63fe51d\" data-id=\"63fe51d\" data-element_type=\"column\">\n\t\t\t<div class=\"elementor-widget-wrap elementor-element-populated\">\n\t\t\t\t\t\t\t\t<div class=\"elementor-element elementor-element-d092f47 elementor-widget elementor-widget-rs-heading\" data-id=\"d092f47\" data-element_type=\"widget\" data-widget_type=\"rs-heading.default\">\n\t\t\t\t<div class=\"elementor-widget-container\">\n\t\t\t        <div class=\"rs-heading default  \">\r\n        \t<div class=\"title-inner\">        \t\t      \t\t\r\n\t            <span class=\"sub-text \">Ambassade de la RDC <\/span>\t\t\t\t\t        <\/div>\r\n\t                    \t<div class=\"description\">\r\n            \t\t<p>Sulgenheimweg 21, case postale 5261\/ CH-3001 Berne, Suisse<br \/>T\u00e9l: +41(31) 371 3538<\/p><p>Faciliter les demarches administratives en Suisse:<span class=\"wixui-rich-text__text\">\u00a0<a class=\"wixui-rich-text__text\" href=\"https:\/\/www.easygov.swiss\/easygov\/#\/fr\" target=\"_blank\" rel=\"noopener\">https:\/\/www.easygov.swiss\/easygov\/#\/fr<\/a><\/span><\/p><p class=\"font_8 wixui-rich-text__text\">\u00a0<\/p>            \t\t\r\n            \t<\/div>\r\n        \t        <\/div>\r\n\r\n        \t\t<\/div>\n\t\t\t\t<\/div>\n\t\t\t\t\t<\/div>\n\t\t<\/div>\n\t\t\t\t\t\t\t<\/div>\n\t\t<\/section>\n\t\t\t\t<section class=\"elementor-section elementor-top-section elementor-element elementor-element-bce06cd elementor-section-boxed elementor-section-height-default elementor-section-height-default\" data-id=\"bce06cd\" data-element_type=\"section\">\n\t\t\t\t\t\t<div class=\"elementor-container elementor-column-gap-default\">\n\t\t\t\t\t<div class=\"elementor-column elementor-col-100 elementor-top-column elementor-element elementor-element-78d9342\" data-id=\"78d9342\" data-element_type=\"column\">\n\t\t\t<div class=\"elementor-widget-wrap elementor-element-populated\">\n\t\t\t\t\t\t\t\t<div class=\"elementor-element elementor-element-b887488 elementor-widget elementor-widget-text-editor\" data-id=\"b887488\" data-element_type=\"widget\" data-widget_type=\"text-editor.default\">\n\t\t\t\t<div class=\"elementor-widget-container\">\n\t\t\t\t\t\t\t<p><strong>Les differents organismes lors de l&#8217;enregistrement d&#8217;une entreprise:<\/strong><\/p><ul><li><strong>Registre du commerce;\u00a0<\/strong><\/li><\/ul><ol><li>Informations personnelles de tous les fondateurs;<\/li><li>Informations personnelles personnes autoris\u00e9es \u00e0 signer;<\/li><li>Traduction du nom de la soci\u00e9t\u00e9, si une publication multilingue est d\u00e9sir\u00e9e.<\/li><\/ol><ul><li><strong>Taxe sur la valeur ajout\u00e9e (TVA)\u00a0<\/strong><\/li><\/ul><ol><li><span class=\"wixui-rich-text__text\">Donn\u00e9es sur l&#8217;activit\u00e9 de l&#8217;entreprise <\/span><\/li><li>Chiffre d&#8217;affaires pr\u00e9visionnel pour les 12 premiers mois\u00a0<\/li><li>Modalit\u00e9s\u00a0<\/li><\/ol><ul><li><strong>AVS\/AI\/APG\/AC<\/strong><\/li><\/ul><ol><li class=\"font_8 wixui-rich-text__text\">Adh\u00e9sion \u00e0 une association professionnelle<\/li><li>Nombre d&#8217;employ\u00e9s et masse salariale<\/li><li>Salaire et informations complementaires au sujet du propri\u00e9taire;<\/li><li>Coordonn\u00e9es de cotre fiduciaire<\/li><li>Num\u00e9ro de compte en banque ou CCP, pour les remboursements;<\/li><li>Autres polices d&#8217;assurances conclues.<\/li><\/ol><ul><li><strong>Assurance-accident LAA<\/strong>\u00a0<\/li><\/ul><ol><li>Somme totale des salaires de l&#8217;entreprise\u00a0<\/li><li>Polices de la caisse-maladie et de la caisse de compensation, si disponibles;<\/li><li>Contrats de travail<\/li><li>Coordonn\u00e9es bancaires ou postales\u00a0\u00a0<\/li><\/ol>\t\t\t\t\t\t<\/div>\n\t\t\t\t<\/div>\n\t\t\t\t\t<\/div>\n\t\t<\/div>\n\t\t\t\t\t\t\t<\/div>\n\t\t<\/section>\n\t\t\t\t\t\t\t<\/div>\n\t\t","protected":false},"excerpt":{"rendered":"<p>Chambre de Commerce Suisse-RDC CCSCCCSC Repr\u00e9sentation diplomatique Suisse RDC \u00a031 Blvd du 30 juin\u00a0 Commune Gombe Kinshas\/RDC\u00a0 Bon \u00e0 savoir: Quelques pr\u00e9cisions sur les \u00e9tapes \u00e0 suivre et formalit\u00e9s requises pour cr\u00e9er une soci\u00e9t\u00e9 en RDC via le guichet Unique de l&#8217;ANAPI.\u00a0 En RDC, l&#8217;activit\u00e9 commerciale peut \u00eatre exerc\u00e9e sous la forme d&#8217;un \u00e9tablissement commercial&#8230;<\/p>\n","protected":false},"author":1,"featured_media":0,"parent":0,"menu_order":0,"comment_status":"closed","ping_status":"closed","template":"","meta":{"footnotes":""},"class_list":["post-26717","page","type-page","status-publish","hentry"],"_links":{"self":[{"href":"https:\/\/ccsrdc.ch\/index.php\/wp-json\/wp\/v2\/pages\/26717","targetHints":{"allow":["GET"]}}],"collection":[{"href":"https:\/\/ccsrdc.ch\/index.php\/wp-json\/wp\/v2\/pages"}],"about":[{"href":"https:\/\/ccsrdc.ch\/index.php\/wp-json\/wp\/v2\/types\/page"}],"author":[{"embeddable":true,"href":"https:\/\/ccsrdc.ch\/index.php\/wp-json\/wp\/v2\/users\/1"}],"replies":[{"embeddable":true,"href":"https:\/\/ccsrdc.ch\/index.php\/wp-json\/wp\/v2\/comments?post=26717"}],"version-history":[{"count":25,"href":"https:\/\/ccsrdc.ch\/index.php\/wp-json\/wp\/v2\/pages\/26717\/revisions"}],"predecessor-version":[{"id":26815,"href":"https:\/\/ccsrdc.ch\/index.php\/wp-json\/wp\/v2\/pages\/26717\/revisions\/26815"}],"wp:attachment":[{"href":"https:\/\/ccsrdc.ch\/index.php\/wp-json\/wp\/v2\/media?parent=26717"}],"curies":[{"name":"wp","href":"https:\/\/api.w.org\/{rel}","templated":true}]}}