{"id":26587,"date":"2023-06-09T10:41:07","date_gmt":"2023-06-09T08:41:07","guid":{"rendered":"https:\/\/ccsrdc.ch\/index.php\/about-3\/"},"modified":"2023-09-14T16:15:55","modified_gmt":"2023-09-14T14:15:55","slug":"about-3","status":"publish","type":"page","link":"https:\/\/ccsrdc.ch\/index.php\/about-3\/","title":{"rendered":"Vision"},"content":{"rendered":"\t\t<div data-elementor-type=\"wp-page\" data-elementor-id=\"26587\" class=\"elementor elementor-26587\">\n\t\t\t\t\t\t\t\t\t<section class=\"elementor-section elementor-top-section elementor-element elementor-element-27cc24f elementor-section-boxed elementor-section-height-default elementor-section-height-default\" data-id=\"27cc24f\" data-element_type=\"section\">\n\t\t\t\t\t\t<div class=\"elementor-container elementor-column-gap-default\">\n\t\t\t\t\t<div class=\"elementor-column elementor-col-100 elementor-top-column elementor-element elementor-element-734fc61\" data-id=\"734fc61\" data-element_type=\"column\">\n\t\t\t<div class=\"elementor-widget-wrap elementor-element-populated\">\n\t\t\t\t\t\t\t\t<div class=\"elementor-element elementor-element-2f4abd7 elementor-widget elementor-widget-rs-heading\" data-id=\"2f4abd7\" data-element_type=\"widget\" data-widget_type=\"rs-heading.default\">\n\t\t\t\t<div class=\"elementor-widget-container\">\n\t\t\t        <div class=\"rs-heading default  \">\r\n        \t<div class=\"title-inner\">        \t\t      \t\t\r\n\t            \t\t\t\t\t        <\/div>\r\n\t                    \t<div class=\"description\">\r\n            \t\t<div id=\"comp-jksrcreh\" class=\"BaOVQ8 tz5f0K comp-jksrcreh wixui-rich-text\" data-testid=\"richTextElement\"><h5>\u00a0 \u00a0 \u00a0 \u00a0 \u00a0 \u00a0 \u00a0 \u00a0 \u00a0 \u00a0 \u00a0 \u00a0 \u00a0 \u00a0 \u00a0 \u00a0 \u00a0 \u00a0 \u00a0 \u00a0 \u00a0 \u00a0 \u00a0 \u00a0 \u00a0 \u00a0 \u00a0 \u00a0 \u00a0 \u00a0 \u00a0 \u00a0 \u00a0 \u00a0 <strong>QUI SOMMES-NOUS ?<\/strong><\/h5><p class=\"font_8 wixui-rich-text__text\"><span class=\"wixui-rich-text__text\">La Chambre de promotion du commerce et de l\u2019industrie entre la Suisse et la R\u00e9publique D\u00e9mocratique du Congo (CCSC) est une organisation multilat\u00e9rale, sans but lucratif et apolitique, dont le but est de contribuer au d\u00e9veloppement des relations \u00e9conomiques, commerciales et culturelles entre la Suisse et la R\u00e9publique D\u00e9mocratique du Congo (RDC).<\/span><\/p><p class=\"font_8 wixui-rich-text__text\"><span class=\"wixui-rich-text__text\">La CCSC met \u00e0 la disposition des entreprises suisses et congolaises, principalement des PME, les moyens n\u00e9cessaires pour d\u00e9velopper de nouveaux march\u00e9s dans les deux pays et pour fortifier leurs parts de march\u00e9s respectives.<\/span><\/p><p class=\"font_8 wixui-rich-text__text\"><span class=\"wixui-rich-text__text\">La CCSC joue \u00e9galement le r\u00f4le de point de contact avec les autorit\u00e9s locales respectives et se positionne comme un partenaire s\u00fbr et s\u00e9rieux pour mettre \u00e0 la disposition de ses membres des donn\u00e9es sur les opportunit\u00e9s d\u2019investissements\/partenariats en Suisse et en RDC.<\/span><\/p><p class=\"font_8 wixui-rich-text__text\"><span class=\"wixui-rich-text__text\">La CCSC s\u2019appuie sur un large r\u00e9seau de comp\u00e9tences compos\u00e9 d\u2019entreprises commerciales et industrielles, de cabinets de conseils (audit, juridiques..), d\u2019institutions financi\u00e8res, d\u2019entrepreneurs, de consultants, etc. Cette richesse de ressources, ainsi que la diversit\u00e9 en terme d\u2019exp\u00e9riences professionnelles et d\u2019origine au sein de notre comit\u00e9 de direction, garantissent une meilleure compr\u00e9hension des besoins et un traitement efficient des \u00e9changes de d\u00e9veloppements entre les deux pays.<\/span><\/p><\/div><div id=\"comp-jkssm05j\" class=\"BaOVQ8 tz5f0K comp-jkssm05j wixui-rich-text\" data-testid=\"richTextElement\">\u00a0<\/div>            \t\t\r\n            \t<\/div>\r\n        \t        <\/div>\r\n\r\n        \t\t<\/div>\n\t\t\t\t<\/div>\n\t\t\t\t\t<\/div>\n\t\t<\/div>\n\t\t\t\t\t\t\t<\/div>\n\t\t<\/section>\n\t\t\t\t<section class=\"elementor-section elementor-top-section elementor-element elementor-element-9d9dbbc elementor-section-stretched elementor-section-boxed elementor-section-height-default elementor-section-height-default\" data-id=\"9d9dbbc\" data-element_type=\"section\" data-settings=\"{&quot;stretch_section&quot;:&quot;section-stretched&quot;,&quot;background_background&quot;:&quot;classic&quot;}\">\n\t\t\t\t\t\t<div class=\"elementor-container elementor-column-gap-default\">\n\t\t\t\t\t<div class=\"elementor-column elementor-col-50 elementor-top-column elementor-element elementor-element-25e2cff\" data-id=\"25e2cff\" data-element_type=\"column\">\n\t\t\t<div class=\"elementor-widget-wrap elementor-element-populated\">\n\t\t\t\t\t\t\t\t<div class=\"elementor-element elementor-element-f906f28 elementor-widget elementor-widget-rs-heading\" data-id=\"f906f28\" data-element_type=\"widget\" data-widget_type=\"rs-heading.default\">\n\t\t\t\t<div class=\"elementor-widget-container\">\n\t\t\t        <div class=\"rs-heading style4  \">\r\n        \t<div class=\"title-inner\">        \t\t      \t\t\r\n\t            <h1 class=\"title\"><span class=\"watermark\">      CCSC <\/span>VISION <\/h1>\t\t\t\t\t        <\/div>\r\n\t                <\/div>\r\n\r\n        \t\t<\/div>\n\t\t\t\t<\/div>\n\t\t\t\t\t<\/div>\n\t\t<\/div>\n\t\t\t\t<div class=\"elementor-column elementor-col-50 elementor-top-column elementor-element elementor-element-4bb8412 elementor-hidden-mobile\" data-id=\"4bb8412\" data-element_type=\"column\">\n\t\t\t<div class=\"elementor-widget-wrap\">\n\t\t\t\t\t\t\t\t\t<\/div>\n\t\t<\/div>\n\t\t\t\t\t\t\t<\/div>\n\t\t<\/section>\n\t\t\t\t<section class=\"elementor-section elementor-top-section elementor-element elementor-element-d4142fb elementor-section-boxed elementor-section-height-default elementor-section-height-default\" data-id=\"d4142fb\" data-element_type=\"section\">\n\t\t\t\t\t\t<div class=\"elementor-container elementor-column-gap-default\">\n\t\t\t\t\t<div class=\"elementor-column elementor-col-33 elementor-top-column elementor-element elementor-element-4e40a49\" data-id=\"4e40a49\" data-element_type=\"column\">\n\t\t\t<div class=\"elementor-widget-wrap\">\n\t\t\t\t\t\t\t\t\t<\/div>\n\t\t<\/div>\n\t\t\t\t<div class=\"elementor-column elementor-col-33 elementor-top-column elementor-element elementor-element-c392d97\" data-id=\"c392d97\" data-element_type=\"column\">\n\t\t\t<div class=\"elementor-widget-wrap elementor-element-populated\">\n\t\t\t\t\t\t\t\t<div class=\"elementor-element elementor-element-8ba1d3a elementor-widget elementor-widget-text-editor\" data-id=\"8ba1d3a\" data-element_type=\"widget\" data-widget_type=\"text-editor.default\">\n\t\t\t\t<div class=\"elementor-widget-container\">\n\t\t\t<style>\/*! elementor - v3.13.2 - 11-05-2023 *\/\n.elementor-widget-text-editor.elementor-drop-cap-view-stacked .elementor-drop-cap{background-color:#69727d;color:#fff}.elementor-widget-text-editor.elementor-drop-cap-view-framed .elementor-drop-cap{color:#69727d;border:3px solid;background-color:transparent}.elementor-widget-text-editor:not(.elementor-drop-cap-view-default) .elementor-drop-cap{margin-top:8px}.elementor-widget-text-editor:not(.elementor-drop-cap-view-default) .elementor-drop-cap-letter{width:1em;height:1em}.elementor-widget-text-editor .elementor-drop-cap{float:left;text-align:center;line-height:1;font-size:50px}.elementor-widget-text-editor .elementor-drop-cap-letter{display:inline-block}<\/style>\t\t\t\t<h2><strong>\u00a0VISION 2030<\/strong><\/h2>\t\t\t\t\t\t<\/div>\n\t\t\t\t<\/div>\n\t\t\t\t\t<\/div>\n\t\t<\/div>\n\t\t\t\t<div class=\"elementor-column elementor-col-33 elementor-top-column elementor-element elementor-element-db28739\" data-id=\"db28739\" data-element_type=\"column\">\n\t\t\t<div class=\"elementor-widget-wrap\">\n\t\t\t\t\t\t\t\t\t<\/div>\n\t\t<\/div>\n\t\t\t\t\t\t\t<\/div>\n\t\t<\/section>\n\t\t\t\t<section class=\"elementor-section elementor-top-section elementor-element elementor-element-14470f5 elementor-section-boxed elementor-section-height-default elementor-section-height-default\" data-id=\"14470f5\" data-element_type=\"section\">\n\t\t\t\t\t\t<div class=\"elementor-container elementor-column-gap-default\">\n\t\t\t\t\t<div class=\"elementor-column elementor-col-100 elementor-top-column elementor-element elementor-element-dedb370\" data-id=\"dedb370\" data-element_type=\"column\">\n\t\t\t<div class=\"elementor-widget-wrap elementor-element-populated\">\n\t\t\t\t\t\t\t\t<div class=\"elementor-element elementor-element-545455d elementor-widget elementor-widget-rs-heading\" data-id=\"545455d\" data-element_type=\"widget\" data-widget_type=\"rs-heading.default\">\n\t\t\t\t<div class=\"elementor-widget-container\">\n\t\t\t        <div class=\"rs-heading default  \">\r\n        \t<div class=\"title-inner\">        \t\t      \t\t\r\n\t            \t\t\t\t\t        <\/div>\r\n\t                    \t<div class=\"description\">\r\n            \t\t<section id=\"comp-ijoydasm\" class=\"comp-ijoydasm CohWsy wixui-column-strip\"><div class=\"V5AUxf\" data-testid=\"columns\"><div id=\"mediait2qixle4\" class=\"mediait2qixle4 YzqVVZ wixui-column-strip__column\"><div class=\"\" data-mesh-id=\"mediait2qixle4inlineContent\" data-testid=\"inline-content\"><div data-mesh-id=\"mediait2qixle4inlineContent-gridContainer\" data-testid=\"mesh-container-content\"><section id=\"comp-krnst8y4\" class=\"comp-krnst8y4 CohWsy wixui-column-strip\"><div class=\"V5AUxf\" data-testid=\"columns\"><div id=\"comp-krnst91r\" class=\"comp-krnst91r YzqVVZ wixui-column-strip__column\"><div class=\"\" data-mesh-id=\"comp-krnst91rinlineContent\" data-testid=\"inline-content\"><div data-mesh-id=\"comp-krnst91rinlineContent-gridContainer\" data-testid=\"mesh-container-content\"><div id=\"comp-krnst920\" class=\"BaOVQ8 tz5f0K comp-krnst920 wixui-rich-text\" data-testid=\"richTextElement\"><p>\u00a0\u00a0\u00a0\u00a0\u00a0\u00a0\u00a0\u00a0\u00a0\u00a0\u00a0\u00a0\u00a0\u00a0\u00a0\u00a0\u00a0\u00a0\u00a0\u00a0\u00a0\u00a0\u00a0\u00a0\u00a0\u00a0\u00a0\u00a0\u00a0\u00a0\u00a0\u00a0\u00a0\u00a0\u00a0En 2025, la CCSC aura contribuer \u00e0 d\u00e9velopper, avec vous, le potentiel commerciale inexploit\u00e9 de la RDC\u00a0 \u00e0 travers la cr\u00e9ation d'uniques synergies entre les diff\u00e9rents bassins de talents et les innombrables secteurs prometteurs congolais.<\/p><p>Gr\u00e2ce \u00e0 cet usage \u00e9thique et efficace des ressources, \u00a0la Chambre aura am\u00e9lior\u00e9 la qualit\u00e9 de vie de la majorit\u00e9 des Congolais et positivement impact\u00e9 les \u00e9conomies de nos deux pays.<\/p><p>Par le soutien au d\u00e9veloppement des secteurs de productions, les secteurs de services seront positivement affect\u00e9s. L'\u00e9ducation, la recherche et l'industrie du tourisme seront devenus des potentiels immenses pour l'investissement.<\/p><\/div><\/div><\/div><\/div><\/div><\/section><\/div><\/div><\/div><\/div><\/section>            \t\t\r\n            \t<\/div>\r\n        \t        <\/div>\r\n\r\n        \t\t<\/div>\n\t\t\t\t<\/div>\n\t\t\t\t\t<\/div>\n\t\t<\/div>\n\t\t\t\t\t\t\t<\/div>\n\t\t<\/section>\n\t\t\t\t<section class=\"elementor-section elementor-top-section elementor-element elementor-element-c5b6cec elementor-section-boxed elementor-section-height-default elementor-section-height-default\" data-id=\"c5b6cec\" data-element_type=\"section\">\n\t\t\t\t\t\t<div class=\"elementor-container elementor-column-gap-default\">\n\t\t\t\t\t<div class=\"elementor-column elementor-col-25 elementor-top-column elementor-element elementor-element-6fcff27\" data-id=\"6fcff27\" data-element_type=\"column\">\n\t\t\t<div class=\"elementor-widget-wrap elementor-element-populated\">\n\t\t\t\t\t\t\t\t<div class=\"elementor-element elementor-element-676e9f7 elementor-widget elementor-widget-rs-heading\" data-id=\"676e9f7\" data-element_type=\"widget\" data-widget_type=\"rs-heading.default\">\n\t\t\t\t<div class=\"elementor-widget-container\">\n\t\t\t        <div class=\"rs-heading default  \">\r\n        \t<div class=\"title-inner\">        \t\t      \t\t\r\n\t            <span class=\"sub-text \">Connecter <\/span>\t\t\t\t\t        <\/div>\r\n\t                    \t<div class=\"description\">\r\n            \t\t<p class=\"font_8 wixui-rich-text__text\"><span class=\"wixui-rich-text__text\">1. Connecter les potentiels existants \u00e0\u00a0<\/span><span class=\"wixui-rich-text__text\">travers la cr\u00e9ation de nouvelles initiatives ou \u00e0 l'aide de projets d\u00e9j\u00e0 existants. La chambre facilitera des partenariats entre les institutions universitaires et le \u00a0secteur priv\u00e9.\u00a0<\/span><\/p><p class=\"font_8 wixui-rich-text__text\"><span class=\"wixui-rich-text__text\">Jouant \u00e9galement un r\u00f4le d'incubateur, la chambre offrira un pr\u00e9cieux r\u00e9seau aux start-up d'ici et de l\u00e0-bas.\u00a0<\/span><\/p>            \t\t\r\n            \t<\/div>\r\n        \t        <\/div>\r\n\r\n        \t\t<\/div>\n\t\t\t\t<\/div>\n\t\t\t\t\t<\/div>\n\t\t<\/div>\n\t\t\t\t<div class=\"elementor-column elementor-col-25 elementor-top-column elementor-element elementor-element-85c9d9a\" data-id=\"85c9d9a\" data-element_type=\"column\">\n\t\t\t<div class=\"elementor-widget-wrap elementor-element-populated\">\n\t\t\t\t\t\t\t\t<div class=\"elementor-element elementor-element-b581275 elementor-widget elementor-widget-rs-heading\" data-id=\"b581275\" data-element_type=\"widget\" data-widget_type=\"rs-heading.default\">\n\t\t\t\t<div class=\"elementor-widget-container\">\n\t\t\t        <div class=\"rs-heading default  \">\r\n        \t<div class=\"title-inner\">        \t\t      \t\t\r\n\t            <span class=\"sub-text \">Innover <\/span>\t\t\t\t\t        <\/div>\r\n\t                    \t<div class=\"description\">\r\n            \t\t<div id=\"comp-krns38wc\" class=\"BaOVQ8 tz5f0K comp-krns38wc wixui-rich-text\" data-testid=\"richTextElement\">2. Soutenir les projets d\u2019innovation des jeunes entrepreneurs dans les secteurs prometteurs de l\u2019\u00e9conomie congolaise notamment le num\u00e9rique<\/div>            \t\t\r\n            \t<\/div>\r\n        \t        <\/div>\r\n\r\n        \t\t<\/div>\n\t\t\t\t<\/div>\n\t\t\t\t\t<\/div>\n\t\t<\/div>\n\t\t\t\t<div class=\"elementor-column elementor-col-25 elementor-top-column elementor-element elementor-element-1a95bdc\" data-id=\"1a95bdc\" data-element_type=\"column\">\n\t\t\t<div class=\"elementor-widget-wrap elementor-element-populated\">\n\t\t\t\t\t\t\t\t<div class=\"elementor-element elementor-element-730f299 elementor-widget elementor-widget-rs-heading\" data-id=\"730f299\" data-element_type=\"widget\" data-widget_type=\"rs-heading.default\">\n\t\t\t\t<div class=\"elementor-widget-container\">\n\t\t\t        <div class=\"rs-heading default  \">\r\n        \t<div class=\"title-inner\">        \t\t      \t\t\r\n\t            <span class=\"sub-text \">INVESTIR <\/span>\t\t\t\t\t        <\/div>\r\n\t                    \t<div class=\"description\">\r\n            \t\t<div id=\"bgLayers_comp-krns38wh1\" class=\"MW5IWV\" data-hook=\"bgLayers\"><div id=\"bgMedia_comp-krns38wh1\" class=\"VgO9Yg\">3. Faciliter l'investissement \u00e0 travers les partenariats et le savoir locale.<\/div><\/div><div class=\"\" data-mesh-id=\"comp-krns38wh1inlineContent\" data-testid=\"inline-content\"><div data-mesh-id=\"comp-krns38wh1inlineContent-gridContainer\" data-testid=\"mesh-container-content\"><div id=\"comp-krnsegka\" class=\"BaOVQ8 tz5f0K comp-krnsegka wixui-rich-text\" data-testid=\"richTextElement\"><p class=\"font_8 wixui-rich-text__text\"><span class=\"wixui-rich-text__text\">Par l\u2019analyse de l'information commerciale et \u00e9conomique des sources pertinentes dont la chambre \u00e0 acc\u00e8s, l'investissement sera rendu facile et sure pour nos membres.<\/span><\/p><\/div><\/div><\/div>            \t\t\r\n            \t<\/div>\r\n        \t        <\/div>\r\n\r\n        \t\t<\/div>\n\t\t\t\t<\/div>\n\t\t\t\t\t<\/div>\n\t\t<\/div>\n\t\t\t\t<div class=\"elementor-column elementor-col-25 elementor-top-column elementor-element elementor-element-be175a7\" data-id=\"be175a7\" data-element_type=\"column\">\n\t\t\t<div class=\"elementor-widget-wrap elementor-element-populated\">\n\t\t\t\t\t\t\t\t<div class=\"elementor-element elementor-element-9797684 elementor-widget elementor-widget-rs-heading\" data-id=\"9797684\" data-element_type=\"widget\" data-widget_type=\"rs-heading.default\">\n\t\t\t\t<div class=\"elementor-widget-container\">\n\t\t\t        <div class=\"rs-heading default  \">\r\n        \t<div class=\"title-inner\">        \t\t      \t\t\r\n\t            <span class=\"sub-text \">DEVELOPPER <\/span>\t\t\t\t\t        <\/div>\r\n\t                    \t<div class=\"description\">\r\n            \t\t<div id=\"bgLayers_comp-krns5d0n\" class=\"MW5IWV\" data-hook=\"bgLayers\"><div id=\"bgMedia_comp-krns5d0n\" class=\"VgO9Yg\">4. \u00a0Contribuer efficacement au d\u00e9veloppement du pays par la mise \u00e0 disposition des comp\u00e9tences.<\/div><\/div><div class=\"\" data-mesh-id=\"comp-krns5d0ninlineContent\" data-testid=\"inline-content\"><div data-mesh-id=\"comp-krns5d0ninlineContent-gridContainer\" data-testid=\"mesh-container-content\"><div id=\"comp-krnsjcct\" class=\"BaOVQ8 tz5f0K comp-krnsjcct wixui-rich-text\" data-testid=\"richTextElement\"><p class=\"font_8 wixui-rich-text__text\"><span class=\"wixui-rich-text__text\">Le but de la chambre est de cr\u00e9er un investissement durable.<\/span><\/p><p class=\"font_8 wixui-rich-text__text\"><span class=\"wixui-rich-text__text\">Au jour d'aujourd'hui, durabilit\u00e9 rime avec \u00e9thique et le d\u00e9veloppement \u00e9conomique est r\u00e9alisable en accord avec l'am\u00e9lioration des conditions de vie de chacun.\u00a0<\/span><\/p><\/div><\/div><\/div>            \t\t\r\n            \t<\/div>\r\n        \t        <\/div>\r\n\r\n        \t\t<\/div>\n\t\t\t\t<\/div>\n\t\t\t\t\t<\/div>\n\t\t<\/div>\n\t\t\t\t\t\t\t<\/div>\n\t\t<\/section>\n\t\t\t\t<section class=\"elementor-section elementor-top-section elementor-element elementor-element-b411a76 elementor-section-boxed elementor-section-height-default elementor-section-height-default\" data-id=\"b411a76\" data-element_type=\"section\">\n\t\t\t\t\t\t<div class=\"elementor-container elementor-column-gap-default\">\n\t\t\t\t\t<div class=\"elementor-column elementor-col-100 elementor-top-column elementor-element elementor-element-fcbba34\" data-id=\"fcbba34\" data-element_type=\"column\">\n\t\t\t<div class=\"elementor-widget-wrap\">\n\t\t\t\t\t\t\t\t\t<\/div>\n\t\t<\/div>\n\t\t\t\t\t\t\t<\/div>\n\t\t<\/section>\n\t\t\t\t<section class=\"elementor-section elementor-top-section elementor-element elementor-element-0183459 elementor-section-boxed elementor-section-height-default elementor-section-height-default\" data-id=\"0183459\" data-element_type=\"section\">\n\t\t\t\t\t\t<div class=\"elementor-container elementor-column-gap-default\">\n\t\t\t\t\t<div class=\"elementor-column elementor-col-50 elementor-top-column elementor-element elementor-element-8e7d137\" data-id=\"8e7d137\" data-element_type=\"column\">\n\t\t\t<div class=\"elementor-widget-wrap elementor-element-populated\">\n\t\t\t\t\t\t\t\t<div class=\"elementor-element elementor-element-2006d37 elementor-widget elementor-widget-image\" data-id=\"2006d37\" data-element_type=\"widget\" data-widget_type=\"image.default\">\n\t\t\t\t<div class=\"elementor-widget-container\">\n\t\t\t<style>\/*! elementor - v3.13.2 - 11-05-2023 *\/\n.elementor-widget-image{text-align:center}.elementor-widget-image a{display:inline-block}.elementor-widget-image a img[src$=\".svg\"]{width:48px}.elementor-widget-image img{vertical-align:middle;display:inline-block}<\/style>\t\t\t\t\t\t\t\t\t\t\t\t<img loading=\"lazy\" decoding=\"async\" width=\"640\" height=\"588\" src=\"https:\/\/ccsrdc.ch\/wp-content\/uploads\/2023\/06\/0d65c6_710e0d83b78d4971b3604f7a9eb05e5cmv2.webp\" class=\"attachment-large size-large wp-image-26625\" alt=\"\" srcset=\"https:\/\/ccsrdc.ch\/wp-content\/uploads\/2023\/06\/0d65c6_710e0d83b78d4971b3604f7a9eb05e5cmv2.webp 950w, https:\/\/ccsrdc.ch\/wp-content\/uploads\/2023\/06\/0d65c6_710e0d83b78d4971b3604f7a9eb05e5cmv2-300x276.webp 300w, https:\/\/ccsrdc.ch\/wp-content\/uploads\/2023\/06\/0d65c6_710e0d83b78d4971b3604f7a9eb05e5cmv2-768x706.webp 768w\" sizes=\"auto, (max-width: 640px) 100vw, 640px\" \/>\t\t\t\t\t\t\t\t\t\t\t\t\t\t\t<\/div>\n\t\t\t\t<\/div>\n\t\t\t\t\t<\/div>\n\t\t<\/div>\n\t\t\t\t<div class=\"elementor-column elementor-col-50 elementor-top-column elementor-element elementor-element-ffc79df\" data-id=\"ffc79df\" data-element_type=\"column\">\n\t\t\t<div class=\"elementor-widget-wrap elementor-element-populated\">\n\t\t\t\t\t\t\t\t<div class=\"elementor-element elementor-element-b5d5ac9 elementor-widget elementor-widget-rs-heading\" data-id=\"b5d5ac9\" data-element_type=\"widget\" data-widget_type=\"rs-heading.default\">\n\t\t\t\t<div class=\"elementor-widget-container\">\n\t\t\t        <div class=\"rs-heading default  \">\r\n        \t<div class=\"title-inner\">        \t\t      \t\t\r\n\t            <h4 class=\"title\"><span class=\"watermark\"><\/span>NOTRE HISTOIRE <\/h4>\t\t\t\t\t        <\/div>\r\n\t                    \t<div class=\"description\">\r\n            \t\t<main id=\"PAGES_CONTAINER\" class=\"PAGES_CONTAINER\" data-main-content=\"true\"><div id=\"SITE_PAGES\" class=\"JshATs SITE_PAGES\" data-page-transition=\"OutIn\"><div id=\"SITE_PAGES_TRANSITION_GROUP\" class=\"fcNEqv\"><div id=\"i7fgv\" class=\"dBAkHi i7fgv\"><div class=\"HT5ybB\"><div id=\"Containeri7fgv\" class=\"Containeri7fgv SPY_vo\"><div class=\"\" data-mesh-id=\"Containeri7fgvinlineContent\" data-testid=\"inline-content\"><div data-mesh-id=\"Containeri7fgvinlineContent-gridContainer\" data-testid=\"mesh-container-content\"><section id=\"comp-krnt23ir\" class=\"comp-krnt23ir CohWsy wixui-column-strip\"><div class=\"V5AUxf\" data-testid=\"columns\"><div id=\"comp-krnt23kg\" class=\"comp-krnt23kg YzqVVZ wixui-column-strip__column\"><div class=\"\" data-mesh-id=\"comp-krnt23kginlineContent\" data-testid=\"inline-content\"><div data-mesh-id=\"comp-krnt23kginlineContent-gridContainer\" data-testid=\"mesh-container-content\"><div id=\"comp-krnt23ko\" class=\"BaOVQ8 tz5f0K comp-krnt23ko wixui-rich-text\" data-testid=\"richTextElement\"><p><strong><em>\u201c<\/em><\/strong><strong><em>Notre projet est n\u00e9 d\u2019une id\u00e9e simple :<\/em><\/strong><\/p><ol><li><strong><em>Donner une autre vision de l\u2019Afrique, celle qui avance. \u00a0Plus particuli\u00e8rement une autre vision de la RDC, en misant sur nos parcours et connaissances respectifs.<\/em><\/strong><\/li><li><strong><em>D\u00e9montrer \u00e0 nos compatriotes suisses et occidentaux que la RDC regorge d\u2019opportunit\u00e9s qui ne demandent qu\u2019\u00e0 trouver preneurs dans diff\u00e9rents secteurs.<\/em><\/strong><\/li><\/ol><p><strong><em>\u200b<\/em><\/strong><strong><em>Cependant ces opportunit\u00e9s ne peuvent \u00eatre identifi\u00e9es sans un encadrement, une grille de lecture solide. Elles exigent une connaissance des sp\u00e9cificit\u00e9s locales.<\/em><\/strong><\/p><p><strong><em>\u200b<\/em><\/strong><strong><em>C\u2019est ce fil d\u2019Ariane, cet \u00e9clairage que nous tentons d\u2019offrir \u00e0 nos membres.<\/em><\/strong><\/p><\/div><\/div><\/div><\/div><\/div><\/section><\/div><\/div><\/div><\/div><\/div><\/div><\/div><\/main>            \t\t\r\n            \t<\/div>\r\n        \t        <\/div>\r\n\r\n        \t\t<\/div>\n\t\t\t\t<\/div>\n\t\t\t\t\t<\/div>\n\t\t<\/div>\n\t\t\t\t\t\t\t<\/div>\n\t\t<\/section>\n\t\t\t\t\t\t\t<\/div>\n\t\t","protected":false},"excerpt":{"rendered":"<p>\u00a0 \u00a0 \u00a0 \u00a0 \u00a0 \u00a0 \u00a0 \u00a0 \u00a0 \u00a0 \u00a0 \u00a0 \u00a0 \u00a0 \u00a0 \u00a0 \u00a0 \u00a0 \u00a0 \u00a0 \u00a0 \u00a0 \u00a0 \u00a0 \u00a0 \u00a0 \u00a0 \u00a0 \u00a0 \u00a0 \u00a0 \u00a0 \u00a0 \u00a0 QUI SOMMES-NOUS ? La Chambre de promotion du commerce et de l\u2019industrie entre la Suisse et la R\u00e9publique D\u00e9mocratique du Congo&#8230;<\/p>\n","protected":false},"author":1,"featured_media":0,"parent":0,"menu_order":0,"comment_status":"closed","ping_status":"closed","template":"","meta":{"footnotes":""},"class_list":["post-26587","page","type-page","status-publish","hentry"],"_links":{"self":[{"href":"https:\/\/ccsrdc.ch\/index.php\/wp-json\/wp\/v2\/pages\/26587","targetHints":{"allow":["GET"]}}],"collection":[{"href":"https:\/\/ccsrdc.ch\/index.php\/wp-json\/wp\/v2\/pages"}],"about":[{"href":"https:\/\/ccsrdc.ch\/index.php\/wp-json\/wp\/v2\/types\/page"}],"author":[{"embeddable":true,"href":"https:\/\/ccsrdc.ch\/index.php\/wp-json\/wp\/v2\/users\/1"}],"replies":[{"embeddable":true,"href":"https:\/\/ccsrdc.ch\/index.php\/wp-json\/wp\/v2\/comments?post=26587"}],"version-history":[{"count":55,"href":"https:\/\/ccsrdc.ch\/index.php\/wp-json\/wp\/v2\/pages\/26587\/revisions"}],"predecessor-version":[{"id":27101,"href":"https:\/\/ccsrdc.ch\/index.php\/wp-json\/wp\/v2\/pages\/26587\/revisions\/27101"}],"wp:attachment":[{"href":"https:\/\/ccsrdc.ch\/index.php\/wp-json\/wp\/v2\/media?parent=26587"}],"curies":[{"name":"wp","href":"https:\/\/api.w.org\/{rel}","templated":true}]}}