{"id":26054,"date":"2022-02-02T19:33:01","date_gmt":"2022-02-02T19:33:01","guid":{"rendered":"http:\/\/localhost\/innovix\/?page_id=13"},"modified":"2023-09-26T15:53:08","modified_gmt":"2023-09-26T13:53:08","slug":"services","status":"publish","type":"page","link":"https:\/\/ccsrdc.ch\/index.php\/services\/","title":{"rendered":"Services"},"content":{"rendered":"\t\t<div data-elementor-type=\"wp-page\" data-elementor-id=\"26054\" class=\"elementor elementor-26054\">\n\t\t\t\t\t\t\t\t\t<section class=\"elementor-section elementor-top-section elementor-element elementor-element-7f09df6 elementor-section-stretched elementor-section-boxed elementor-section-height-default elementor-section-height-default\" data-id=\"7f09df6\" data-element_type=\"section\" data-settings=\"{&quot;stretch_section&quot;:&quot;section-stretched&quot;,&quot;background_background&quot;:&quot;classic&quot;}\">\n\t\t\t\t\t\t<div class=\"elementor-container elementor-column-gap-default\">\n\t\t\t\t\t<div class=\"elementor-column elementor-col-50 elementor-top-column elementor-element elementor-element-f43e8dc\" data-id=\"f43e8dc\" data-element_type=\"column\">\n\t\t\t<div class=\"elementor-widget-wrap elementor-element-populated\">\n\t\t\t\t\t\t\t\t<div class=\"elementor-element elementor-element-22eb3b5 elementor-widget elementor-widget-rs-heading\" data-id=\"22eb3b5\" data-element_type=\"widget\" data-widget_type=\"rs-heading.default\">\n\t\t\t\t<div class=\"elementor-widget-container\">\n\t\t\t        <div class=\"rs-heading style4  \">\r\n        \t<div class=\"title-inner\">        \t\t      \t\t\r\n\t            <h1 class=\"title\"><span class=\"watermark\">CCSC<\/span>Swiss Business Day<\/h1>\t\t\t\t\t        <\/div>\r\n\t                    \t<div class=\"description\">\r\n            \t\t<p>Le Swiss Business Day est un \u00e9v\u00e9nement incontournable propos\u00e9 par la Chambre de Commerce Suisse-RDC (CCSC) en collaboration avec l'Ambassade de Suisse \u00e0 Kinshasa.<\/p><p>\u00a0<\/p><p>Le Swiss Business Day offre une belle vitrine du potentiel \u00e9conomique et commercial de la Suisse et de la RDC. \u00a0Cet \u00e9v\u00e9nement est donc l'occasion pour les acteurs cl\u00e9s \u00a0d'\u00e9changer sur \u00a0les enjeux auxquels sont confront\u00e9es la Suisse &amp; la RDC en terme d'attractivit\u00e9 commerciale et de rencontrer les entreprises et les entrepreneurs qui participent \u00e0 l'essor et au d\u00e9veloppement des relations suisso-congolaises.<\/p>            \t\t\r\n            \t<\/div>\r\n        \t        <\/div>\r\n\r\n        \t\t<\/div>\n\t\t\t\t<\/div>\n\t\t\t\t\t<\/div>\n\t\t<\/div>\n\t\t\t\t<div class=\"elementor-column elementor-col-50 elementor-top-column elementor-element elementor-element-50d6070 elementor-hidden-mobile\" data-id=\"50d6070\" data-element_type=\"column\">\n\t\t\t<div class=\"elementor-widget-wrap\">\n\t\t\t\t\t\t\t\t\t<\/div>\n\t\t<\/div>\n\t\t\t\t\t\t\t<\/div>\n\t\t<\/section>\n\t\t\t\t<section class=\"elementor-section elementor-top-section elementor-element elementor-element-545dd7f elementor-section-boxed elementor-section-height-default elementor-section-height-default\" data-id=\"545dd7f\" data-element_type=\"section\">\n\t\t\t\t\t\t<div class=\"elementor-container elementor-column-gap-default\">\n\t\t\t\t\t<div class=\"elementor-column elementor-col-100 elementor-top-column elementor-element elementor-element-30e79cf\" data-id=\"30e79cf\" data-element_type=\"column\">\n\t\t\t<div class=\"elementor-widget-wrap elementor-element-populated\">\n\t\t\t\t\t\t\t\t<div class=\"elementor-element elementor-element-567fea6 elementor-widget elementor-widget-rs-heading\" data-id=\"567fea6\" data-element_type=\"widget\" data-widget_type=\"rs-heading.default\">\n\t\t\t\t<div class=\"elementor-widget-container\">\n\t\t\t        <div class=\"rs-heading style2 center \">\r\n        \t<div class=\"title-inner\">        \t\t      \t\t\r\n\t            <h4 class=\"title\"><span class=\"watermark\">CCSC<\/span>Le Swiss Business Day est un \u00e9v\u00e9nement exclusif \u00e0 ne surtout pas manquer!<\/h4>\t\t\t\t\t        <\/div>\r\n\t                <\/div>\r\n\r\n        \t\t<\/div>\n\t\t\t\t<\/div>\n\t\t\t\t\t<\/div>\n\t\t<\/div>\n\t\t\t\t\t\t\t<\/div>\n\t\t<\/section>\n\t\t\t\t<section class=\"elementor-section elementor-top-section elementor-element elementor-element-7952dfd elementor-section-stretched elementor-section-content-middle elementor-section-boxed elementor-section-height-default elementor-section-height-default\" data-id=\"7952dfd\" data-element_type=\"section\" data-settings=\"{&quot;stretch_section&quot;:&quot;section-stretched&quot;,&quot;background_background&quot;:&quot;classic&quot;}\">\n\t\t\t\t\t\t<div class=\"elementor-container elementor-column-gap-default\">\n\t\t\t\t\t<div class=\"elementor-column elementor-col-25 elementor-top-column elementor-element elementor-element-746cc04\" data-id=\"746cc04\" data-element_type=\"column\">\n\t\t\t<div class=\"elementor-widget-wrap elementor-element-populated\">\n\t\t\t\t\t\t\t\t<div class=\"elementor-element elementor-element-e9dfe05 elementor-widget__width-initial elementor-widget elementor-widget-rs-heading\" data-id=\"e9dfe05\" data-element_type=\"widget\" data-widget_type=\"rs-heading.default\">\n\t\t\t\t<div class=\"elementor-widget-container\">\n\t\t\t        <div class=\"rs-heading style9  \">\r\n        \t<div class=\"title-inner\">        \t\t      \t\t\r\n\t            <div class=\"title-img top no_animation\"> <img decoding=\"async\" src=\"https:\/\/ccsrdc.ch\/wp-content\/uploads\/2023\/09\/TT.jpg\" \/><\/div><h1 class=\"title\"><span class=\"watermark\"><\/span>2021<\/h1>\t\t\t\t\t        <\/div>\r\n\t                    \t<div class=\"description\">\r\n            \t\t<p style=\"margin-top: -30px\">CHAMBRE DE COMMERCE <br> business <br>suisse <br>RDC<\/p>            \t\t\r\n            \t<\/div>\r\n        \t        <\/div>\r\n\r\n        \t\t<\/div>\n\t\t\t\t<\/div>\n\t\t\t\t<div class=\"elementor-element elementor-element-5bf51c9 elementor-widget__width-inherit elementor-widget elementor-widget-button\" data-id=\"5bf51c9\" data-element_type=\"widget\" data-widget_type=\"button.default\">\n\t\t\t\t<div class=\"elementor-widget-container\">\n\t\t\t\t\t<div class=\"elementor-button-wrapper\">\n\t\t\t<a href=\"https:\/\/ccsrdc.ch\/index.php\/portfolios\/\" class=\"elementor-button-link elementor-button elementor-size-sm\" role=\"button\">\n\t\t\t\t\t\t<span class=\"elementor-button-content-wrapper\">\n\t\t\t\t\t\t<span class=\"elementor-button-text\">Voir plus SBD 2021<\/span>\n\t\t<\/span>\n\t\t\t\t\t<\/a>\n\t\t<\/div>\n\t\t\t\t<\/div>\n\t\t\t\t<\/div>\n\t\t\t\t\t<\/div>\n\t\t<\/div>\n\t\t\t\t<div class=\"elementor-column elementor-col-25 elementor-top-column elementor-element elementor-element-eeb7e73\" data-id=\"eeb7e73\" data-element_type=\"column\">\n\t\t\t<div class=\"elementor-widget-wrap elementor-element-populated\">\n\t\t\t\t\t\t\t\t<div class=\"elementor-element elementor-element-74d134a elementor-widget__width-initial elementor-widget elementor-widget-rs-heading\" data-id=\"74d134a\" data-element_type=\"widget\" data-widget_type=\"rs-heading.default\">\n\t\t\t\t<div class=\"elementor-widget-container\">\n\t\t\t        <div class=\"rs-heading style9  \">\r\n        \t<div class=\"title-inner\">        \t\t      \t\t\r\n\t            <div class=\"title-img top no_animation\"> <img decoding=\"async\" src=\"https:\/\/ccsrdc.ch\/wp-content\/uploads\/2023\/09\/Tr.jpg\" \/><\/div><h1 class=\"title\"><span class=\"watermark\"><\/span>2022<\/h1>\t\t\t\t\t        <\/div>\r\n\t                    \t<div class=\"description\">\r\n            \t\t<p style=\"color: white;margin-top: -30px\">LES ENJEUX LIES AU TOURISME ET AUX NOUVELLES TECHNOLOGIES, OPPORTUNITES DE DEVELOPPEMNT POUR LA RDC.<\/p>            \t\t\r\n            \t<\/div>\r\n        \t        <\/div>\r\n\r\n        \t\t<\/div>\n\t\t\t\t<\/div>\n\t\t\t\t<div class=\"elementor-element elementor-element-23c4175 elementor-widget__width-inherit elementor-widget elementor-widget-button\" data-id=\"23c4175\" data-element_type=\"widget\" data-widget_type=\"button.default\">\n\t\t\t\t<div class=\"elementor-widget-container\">\n\t\t\t\t\t<div class=\"elementor-button-wrapper\">\n\t\t\t<a href=\"https:\/\/ccsrdc.ch\/index.php\/portfolios\/\" class=\"elementor-button-link elementor-button elementor-size-sm\" role=\"button\">\n\t\t\t\t\t\t<span class=\"elementor-button-content-wrapper\">\n\t\t\t\t\t\t<span class=\"elementor-button-text\">Voir plus SBD 2022<\/span>\n\t\t<\/span>\n\t\t\t\t\t<\/a>\n\t\t<\/div>\n\t\t\t\t<\/div>\n\t\t\t\t<\/div>\n\t\t\t\t\t<\/div>\n\t\t<\/div>\n\t\t\t\t<div class=\"elementor-column elementor-col-25 elementor-top-column elementor-element elementor-element-4682412\" data-id=\"4682412\" data-element_type=\"column\">\n\t\t\t<div class=\"elementor-widget-wrap elementor-element-populated\">\n\t\t\t\t\t\t\t\t<div class=\"elementor-element elementor-element-65e733e elementor-widget__width-initial elementor-widget elementor-widget-rs-heading\" data-id=\"65e733e\" data-element_type=\"widget\" data-widget_type=\"rs-heading.default\">\n\t\t\t\t<div class=\"elementor-widget-container\">\n\t\t\t        <div class=\"rs-heading style9  \">\r\n        \t<div class=\"title-inner\">        \t\t      \t\t\r\n\t            <div class=\"title-img top no_animation\"> <img decoding=\"async\" src=\"https:\/\/ccsrdc.ch\/wp-content\/uploads\/2023\/09\/der.jpg\" \/><\/div><h1 class=\"title\"><span class=\"watermark\">CCSC<\/span>2023<\/h1>\t\t\t\t\t        <\/div>\r\n\t                    \t<div class=\"description\">\r\n            \t\t<p style=\"color: white;margin-top: 0px\">PISTE POUR UN MODELE ECOLOGIQUE DE DEVELOPPEMENT <br><\/p>            \t\t\r\n            \t<\/div>\r\n        \t        <\/div>\r\n\r\n        \t\t<\/div>\n\t\t\t\t<\/div>\n\t\t\t\t<div class=\"elementor-element elementor-element-ff39c13 elementor-widget__width-inherit elementor-widget elementor-widget-button\" data-id=\"ff39c13\" data-element_type=\"widget\" data-widget_type=\"button.default\">\n\t\t\t\t<div class=\"elementor-widget-container\">\n\t\t\t\t\t<div class=\"elementor-button-wrapper\">\n\t\t\t<a href=\"https:\/\/ccsrdc.ch\/index.php\/portfolios-2\/\" class=\"elementor-button-link elementor-button elementor-size-sm\" role=\"button\">\n\t\t\t\t\t\t<span class=\"elementor-button-content-wrapper\">\n\t\t\t\t\t\t<span class=\"elementor-button-text\">Voir Plus SBD 2023<\/span>\n\t\t<\/span>\n\t\t\t\t\t<\/a>\n\t\t<\/div>\n\t\t\t\t<\/div>\n\t\t\t\t<\/div>\n\t\t\t\t\t<\/div>\n\t\t<\/div>\n\t\t\t\t<div class=\"elementor-column elementor-col-25 elementor-top-column elementor-element elementor-element-f6de0b8\" data-id=\"f6de0b8\" data-element_type=\"column\">\n\t\t\t<div class=\"elementor-widget-wrap elementor-element-populated\">\n\t\t\t\t\t\t\t\t<div class=\"elementor-element elementor-element-0965e76 elementor-widget__width-initial elementor-widget elementor-widget-rs-heading\" data-id=\"0965e76\" data-element_type=\"widget\" data-widget_type=\"rs-heading.default\">\n\t\t\t\t<div class=\"elementor-widget-container\">\n\t\t\t        <div class=\"rs-heading style9  \">\r\n        \t<div class=\"title-inner\">        \t\t      \t\t\r\n\t            <div class=\"title-img top no_animation\"> <img decoding=\"async\" src=\"https:\/\/ccsrdc.ch\/wp-content\/uploads\/2023\/09\/TT.jpg\" \/><\/div><span class=\"sub-text \">SWISS BUSINESS DAY <\/span><h1 class=\"title\"><span class=\"watermark\"><\/span>2024<\/h1>\t\t\t\t\t        <\/div>\r\n\t                    \t<div class=\"description\">\r\n            \t\t<p style=\"color: white;margin-top: -30px\">COMING SOON...<\/p>            \t\t\r\n            \t<\/div>\r\n        \t        <\/div>\r\n\r\n        \t\t<\/div>\n\t\t\t\t<\/div>\n\t\t\t\t<div class=\"elementor-element elementor-element-fc1f0f4 elementor-widget__width-inherit elementor-widget elementor-widget-button\" data-id=\"fc1f0f4\" data-element_type=\"widget\" data-widget_type=\"button.default\">\n\t\t\t\t<div class=\"elementor-widget-container\">\n\t\t\t\t\t<div class=\"elementor-button-wrapper\">\n\t\t\t<a href=\"#\" class=\"elementor-button-link elementor-button elementor-size-sm\" role=\"button\">\n\t\t\t\t\t\t<span class=\"elementor-button-content-wrapper\">\n\t\t\t\t\t\t<span class=\"elementor-button-text\">Voir Plus SBD 2024<\/span>\n\t\t<\/span>\n\t\t\t\t\t<\/a>\n\t\t<\/div>\n\t\t\t\t<\/div>\n\t\t\t\t<\/div>\n\t\t\t\t\t<\/div>\n\t\t<\/div>\n\t\t\t\t\t\t\t<\/div>\n\t\t<\/section>\n\t\t\t\t<section class=\"elementor-section elementor-top-section elementor-element elementor-element-10af4c2 elementor-section-stretched elementor-section-boxed elementor-section-height-default elementor-section-height-default\" data-id=\"10af4c2\" data-element_type=\"section\" data-settings=\"{&quot;stretch_section&quot;:&quot;section-stretched&quot;,&quot;background_background&quot;:&quot;classic&quot;}\">\n\t\t\t\t\t\t<div class=\"elementor-container elementor-column-gap-default\">\n\t\t\t\t\t<div class=\"elementor-column elementor-col-100 elementor-top-column elementor-element elementor-element-4b3f956\" data-id=\"4b3f956\" data-element_type=\"column\">\n\t\t\t<div class=\"elementor-widget-wrap elementor-element-populated\">\n\t\t\t\t\t\t\t\t<section class=\"elementor-section elementor-inner-section elementor-element elementor-element-bbb5adc elementor-section-boxed elementor-section-height-default elementor-section-height-default\" data-id=\"bbb5adc\" data-element_type=\"section\">\n\t\t\t\t\t\t<div class=\"elementor-container elementor-column-gap-default\">\n\t\t\t\t\t<div class=\"elementor-column elementor-col-33 elementor-inner-column elementor-element elementor-element-01c169e elementor-hidden-mobile\" data-id=\"01c169e\" data-element_type=\"column\">\n\t\t\t<div class=\"elementor-widget-wrap\">\n\t\t\t\t\t\t\t\t\t<\/div>\n\t\t<\/div>\n\t\t\t\t<div class=\"elementor-column elementor-col-33 elementor-inner-column elementor-element elementor-element-8ece026\" data-id=\"8ece026\" data-element_type=\"column\">\n\t\t\t<div class=\"elementor-widget-wrap elementor-element-populated\">\n\t\t\t\t\t\t\t\t<div class=\"elementor-element elementor-element-68fc95c elementor-widget__width-initial elementor-widget elementor-widget-rs-heading\" data-id=\"68fc95c\" data-element_type=\"widget\" data-widget_type=\"rs-heading.default\">\n\t\t\t\t<div class=\"elementor-widget-container\">\n\t\t\t        <div class=\"rs-heading style6 center \">\r\n        \t<div class=\"title-inner\">        \t\t      \t\t\r\n\t            <h2 class=\"title\"><span class=\"watermark\"><\/span>Nos sponsors<\/h2>\t\t\t\t\t        <\/div>\r\n\t                <\/div>\r\n\r\n        \t\t<\/div>\n\t\t\t\t<\/div>\n\t\t\t\t\t<\/div>\n\t\t<\/div>\n\t\t\t\t<div class=\"elementor-column elementor-col-33 elementor-inner-column elementor-element elementor-element-1b1f3df elementor-hidden-mobile\" data-id=\"1b1f3df\" data-element_type=\"column\">\n\t\t\t<div class=\"elementor-widget-wrap\">\n\t\t\t\t\t\t\t\t\t<\/div>\n\t\t<\/div>\n\t\t\t\t\t\t\t<\/div>\n\t\t<\/section>\n\t\t\t\t<div class=\"elementor-element elementor-element-44b0a66 elementor-widget elementor-widget-rs-logo\" data-id=\"44b0a66\" data-element_type=\"widget\" data-widget_type=\"rs-logo.default\">\n\t\t\t\t<div class=\"elementor-widget-container\">\n\t\t\t\n                    <div class=\"rs-logo-grid logo-grid-style1 rsl_style2\">\n                <div class=\"row\">\n                                        <div class=\"col-lg-3 col-md-3 col-sm-4 col-6 \">\n                            <div  class=\"rs-grid-figure\">\n                                <div class=\"logo-img\">\n                                    <a href=\"\" ><img decoding=\"async\" class=\"rs-grid-img \"  src=\"https:\/\/ccsrdc.ch\/wp-content\/uploads\/2023\/05\/glen.jpg\" title=\"\" alt=\"\"><\/a>\n                                <\/div>\n                                                                                            <\/div>\n                        <\/div>                   \n                                            <div class=\"col-lg-3 col-md-3 col-sm-4 col-6 \">\n                            <div  class=\"rs-grid-figure\">\n                                <div class=\"logo-img\">\n                                    <a href=\"\" ><img decoding=\"async\" class=\"rs-grid-img \"  src=\"https:\/\/ccsrdc.ch\/wp-content\/uploads\/2023\/05\/felber.png\" title=\"\" alt=\"\"><\/a>\n                                <\/div>\n                                                                                            <\/div>\n                        <\/div>                   \n                                    <\/div>\n            <\/div>\n            \t\t<\/div>\n\t\t\t\t<\/div>\n\t\t\t\t\t<\/div>\n\t\t<\/div>\n\t\t\t\t\t\t\t<\/div>\n\t\t<\/section>\n\t\t\t\t\t\t\t<\/div>\n\t\t","protected":false},"excerpt":{"rendered":"<p>CCSCSwiss Business Day Le Swiss Business Day est un \u00e9v\u00e9nement incontournable propos\u00e9 par la Chambre de Commerce Suisse-RDC (CCSC) en collaboration avec l&#8217;Ambassade de Suisse \u00e0 Kinshasa. \u00a0 Le Swiss Business Day offre une belle vitrine du potentiel \u00e9conomique et commercial de la Suisse et de la RDC. \u00a0Cet \u00e9v\u00e9nement est donc l&#8217;occasion pour les&#8230;<\/p>\n","protected":false},"author":1,"featured_media":0,"parent":0,"menu_order":0,"comment_status":"closed","ping_status":"closed","template":"","meta":{"footnotes":""},"class_list":["post-26054","page","type-page","status-publish","hentry"],"_links":{"self":[{"href":"https:\/\/ccsrdc.ch\/index.php\/wp-json\/wp\/v2\/pages\/26054","targetHints":{"allow":["GET"]}}],"collection":[{"href":"https:\/\/ccsrdc.ch\/index.php\/wp-json\/wp\/v2\/pages"}],"about":[{"href":"https:\/\/ccsrdc.ch\/index.php\/wp-json\/wp\/v2\/types\/page"}],"author":[{"embeddable":true,"href":"https:\/\/ccsrdc.ch\/index.php\/wp-json\/wp\/v2\/users\/1"}],"replies":[{"embeddable":true,"href":"https:\/\/ccsrdc.ch\/index.php\/wp-json\/wp\/v2\/comments?post=26054"}],"version-history":[{"count":51,"href":"https:\/\/ccsrdc.ch\/index.php\/wp-json\/wp\/v2\/pages\/26054\/revisions"}],"predecessor-version":[{"id":27158,"href":"https:\/\/ccsrdc.ch\/index.php\/wp-json\/wp\/v2\/pages\/26054\/revisions\/27158"}],"wp:attachment":[{"href":"https:\/\/ccsrdc.ch\/index.php\/wp-json\/wp\/v2\/media?parent=26054"}],"curies":[{"name":"wp","href":"https:\/\/api.w.org\/{rel}","templated":true}]}}